{"id":1333,"date":"2021-03-15T13:30:56","date_gmt":"2021-03-15T13:30:56","guid":{"rendered":"https:\/\/premiumiptv.me\/?page_id=1333"},"modified":"2021-03-23T18:36:01","modified_gmt":"2021-03-23T18:36:01","slug":"mag","status":"publish","type":"page","link":"https:\/\/premiumiptv.me\/22\/mag\/","title":{"rendered":"Comment installer IPTV sur appareil MAg"},"content":{"rendered":"<h3>Vous avez besoin:<\/h3>\n<p>1. L&#8217;adresse mac de votre appareil .\u00a0 ( vous nous envoyez votre adresse mac )<\/p>\n<p><img loading=\"lazy\" class=\"alignnone size-medium wp-image-1334\" src=\"https:\/\/premiumiptv.me\/wp-content\/uploads\/2021\/03\/673cee30ac052ea4539557297523ab9e-300x171.png\" alt=\"\" width=\"300\" height=\"171\" \/><\/p>\n<p>2. l&#8217;url du portal de notre serveur ( vous allez le recevoir par mail )<\/p>\n<h3><span class=\"\">5 \u00e9tapes pour installer IPTV sur votre appareil MAC:<\/span><\/h3>\n<p><strong>\u00c9tape 1:<\/strong> <span class=\"goog-text-highlight\">\u00a0Allez sur <\/span><strong><span class=\"goog-text-highlight\">Param\u00e8tres<\/span><\/strong><\/p>\n<p><img loading=\"lazy\" class=\"alignnone size-medium wp-image-1339\" src=\"https:\/\/premiumiptv.me\/wp-content\/uploads\/2021\/03\/3b71a90f3328b982e4d3ed7774452ee4-300x201.png\" alt=\"\" width=\"300\" height=\"201\" \/><\/p>\n<p><strong><span class=\"goog-text-highlight\">\u00c9tape 2:<\/span><\/strong><span class=\"goog-text-highlight\">\u00a0Allez dans le menu Param\u00e8tres, cliquez sur Param\u00e8tres syst\u00e8me et cliquez sur \u00ab\u00a0<\/span><strong><span class=\"goog-text-highlight\">Serveurs<\/span><\/strong><span class=\"goog-text-highlight\">\u00a0\u00bb<\/span><\/p>\n<p><img loading=\"lazy\" class=\"alignnone size-medium wp-image-1338\" src=\"https:\/\/premiumiptv.me\/wp-content\/uploads\/2021\/03\/f3619834d624c7497197c355be342089-300x198.png\" alt=\"\" width=\"300\" height=\"198\" \/><\/p>\n<p><strong><span class=\"\">\u00c9tape 3:<\/span><\/strong><span class=\"\">\u00a0s\u00e9lectionnez \u00ab\u00a0<\/span><strong><span class=\"\">Portals<\/span><\/strong><span class=\"\">\u00a0\u00bb<\/span><\/p>\n<p><img loading=\"lazy\" class=\"alignnone size-medium wp-image-1337\" src=\"https:\/\/premiumiptv.me\/wp-content\/uploads\/2021\/03\/9ff6c0ed1a0891a2d7a1587e8847863c-300x198.png\" alt=\"\" width=\"300\" height=\"198\" \/><\/p>\n<p><strong><span class=\"goog-text-highlight\">\u00c9tape 4:<\/span><\/strong><span class=\"goog-text-highlight\">\u00a0Dans la\u00a0<\/span><span class=\"goog-text-highlight\">ligne \u00ab\u00a0<\/span><strong><span class=\"goog-text-highlight\">Nom du portal 1<\/span><\/strong><span class=\"goog-text-highlight\"> \u00bb, entrez le nom que vous voulez , Dans \u00ab <\/span><strong><span class=\"goog-text-highlight\">URL du portal 1<\/span><\/strong><span class=\"goog-text-highlight\"> \u00bb, entrez l&#8217;url du portal que vous avez re\u00e7u de notre serveur .<\/span><\/p>\n<p><span class=\"goog-text-highlight\"><img loading=\"lazy\" class=\"alignnone size-medium wp-image-1336\" src=\"https:\/\/premiumiptv.me\/wp-content\/uploads\/2021\/03\/252ee87a265e7db7abdb9de6a2c48f03-300x200.png\" alt=\"\" width=\"300\" height=\"200\" \/>\u00a0<\/span><\/p>\n<p><strong><span class=\"\">\u00c9tape 5:<\/span><\/strong><span class=\"\">\u00a0Lorsque toutes les op\u00e9rations \u00e9num\u00e9r\u00e9es ci-dessus sont termin\u00e9es, appuyez sur \u00ab\u00a0<\/span><strong><span class=\"\">OK<\/span><\/strong><span class=\"\">\u00a0\u00bb.<\/span><\/p>\n<p><strong>\u00c9tape 6:<\/strong>\u00a0Vous pouvez cliquer sur \u00abRed\u00e9marrer le portail\u00bb si le portail ne se charge jamais.<\/p>\n","protected":false},"excerpt":{"rendered":"<p>Vous avez besoin: 1. L&#8217;adresse mac de votre appareil .\u00a0 ( vous nous envoyez votre adresse mac ) 2. l&#8217;url du portal de notre serveur ( vous allez le recevoir par mail ) 5 \u00e9tapes pour installer IPTV sur votre appareil MAC: \u00c9tape 1: \u00a0Allez sur Param\u00e8tres \u00c9tape 2:\u00a0Allez dans le menu Param\u00e8tres, cliquez sur [&hellip;]<\/p>\n","protected":false},"author":1,"featured_media":0,"parent":0,"menu_order":0,"comment_status":"closed","ping_status":"closed","template":"","meta":[],"_links":{"self":[{"href":"https:\/\/premiumiptv.me\/22\/wp-json\/wp\/v2\/pages\/1333"}],"collection":[{"href":"https:\/\/premiumiptv.me\/22\/wp-json\/wp\/v2\/pages"}],"about":[{"href":"https:\/\/premiumiptv.me\/22\/wp-json\/wp\/v2\/types\/page"}],"author":[{"embeddable":true,"href":"https:\/\/premiumiptv.me\/22\/wp-json\/wp\/v2\/users\/1"}],"replies":[{"embeddable":true,"href":"https:\/\/premiumiptv.me\/22\/wp-json\/wp\/v2\/comments?post=1333"}],"version-history":[{"count":0,"href":"https:\/\/premiumiptv.me\/22\/wp-json\/wp\/v2\/pages\/1333\/revisions"}],"wp:attachment":[{"href":"https:\/\/premiumiptv.me\/22\/wp-json\/wp\/v2\/media?parent=1333"}],"curies":[{"name":"wp","href":"https:\/\/api.w.org\/{rel}","templated":true}]}}