{"id":1192,"date":"2021-01-30T17:01:47","date_gmt":"2021-01-30T17:01:47","guid":{"rendered":"https:\/\/premiumiptv.me\/?page_id=1192"},"modified":"2021-01-30T17:07:56","modified_gmt":"2021-01-30T17:07:56","slug":"setiptv","status":"publish","type":"page","link":"https:\/\/premiumiptv.me\/22\/setiptv\/","title":{"rendered":"Installation sur l\u2019application SET IPTV"},"content":{"rendered":"<p style=\"text-align: center;\"><strong><span class=\"goog-text-highlight\">1- Notez l&#8217;adresse MAC qui s&#8217;affiche sur Votre \u00e9cran\u00a0<\/span><\/strong><\/p>\n<p><img loading=\"lazy\" class=\"wp-image-1194 size-full aligncenter\" src=\"https:\/\/premiumiptv.me\/wp-content\/uploads\/2021\/01\/Screenshot_20201201-151951_Setiptv.jpg\" alt=\"\" width=\"512\" height=\"288\" srcset=\"https:\/\/premiumiptv.me\/wp-content\/uploads\/2021\/01\/Screenshot_20201201-151951_Setiptv.jpg 512w, https:\/\/premiumiptv.me\/wp-content\/uploads\/2021\/01\/Screenshot_20201201-151951_Setiptv-400x225.jpg 400w, https:\/\/premiumiptv.me\/wp-content\/uploads\/2021\/01\/Screenshot_20201201-151951_Setiptv-367x206.jpg 367w\" sizes=\"(max-width: 512px) 100vw, 512px\" \/><\/p>\n<p>&nbsp;<\/p>\n<p style=\"text-align: center;\">\u00a0<strong>2: Visitez\u00a0 <a href=\"https:\/\/setsysteme.com\/set.app\">setsysteme.com\/set.app<\/a>\u00a0 sur votre navigateur Web mobile \/ PC.<\/strong><\/p>\n<p style=\"text-align: center;\"><strong><span class=\"\">3: Saisissez l&#8217;adresse MAC qui s&#8217;affiche sur votre appareil et l&#8217;URL M3u d&#8217;abonnement que vous avez re\u00e7u de notre part et cliquer sur Send<\/span><\/strong><\/p>\n<p><img loading=\"lazy\" class=\"aligncenter wp-image-1193 size-full\" src=\"https:\/\/premiumiptv.me\/wp-content\/uploads\/2021\/01\/set-iptv.png\" alt=\"\" width=\"811\" height=\"606\" srcset=\"https:\/\/premiumiptv.me\/wp-content\/uploads\/2021\/01\/set-iptv.png 811w, https:\/\/premiumiptv.me\/wp-content\/uploads\/2021\/01\/set-iptv-768x574.png 768w, https:\/\/premiumiptv.me\/wp-content\/uploads\/2021\/01\/set-iptv-640x478.png 640w, https:\/\/premiumiptv.me\/wp-content\/uploads\/2021\/01\/set-iptv-400x300.png 400w, https:\/\/premiumiptv.me\/wp-content\/uploads\/2021\/01\/set-iptv-367x274.png 367w, https:\/\/premiumiptv.me\/wp-content\/uploads\/2021\/01\/set-iptv-600x448.png 600w\" sizes=\"(max-width: 811px) 100vw, 811px\" \/><\/p>\n<p>&nbsp;<\/p>\n<p style=\"text-align: center;\"><b>4: Red\u00e9marrez votre application<\/b><\/p>\n<p>&nbsp;<\/p>\n<p><span class=\"goog-text-highlight\">NB : Apr\u00e8s avoir install\u00e9 l&#8217;application, son utilisation est gratuite pendant\u00a0 <\/span><b><span class=\"goog-text-highlight\">7 jours seulement,\u00a0<\/span><\/b><span class=\"goog-text-highlight\"> apr\u00e8s quoi vous devez acheter cette application pour 15.19EUR \/ <\/span><b><span class=\"goog-text-highlight\">dur\u00e9e de vie<\/span><\/b><\/p>\n<p>Allez sur\u00a0 <a href=\"https:\/\/setsysteme.com\/act.app\">https:\/\/setsysteme.com\/act.app<\/a>\u00a0 et activez-le \u00e0 vie.<\/p>\n","protected":false},"excerpt":{"rendered":"<p>1- Notez l&#8217;adresse MAC qui s&#8217;affiche sur Votre \u00e9cran\u00a0 &nbsp; \u00a02: Visitez\u00a0 setsysteme.com\/set.app\u00a0 sur votre navigateur Web mobile \/ PC. 3: Saisissez l&#8217;adresse MAC qui s&#8217;affiche sur votre appareil et l&#8217;URL M3u d&#8217;abonnement que vous avez re\u00e7u de notre part et cliquer sur Send &nbsp; 4: Red\u00e9marrez votre application &nbsp; NB : Apr\u00e8s avoir install\u00e9 [&hellip;]<\/p>\n","protected":false},"author":1,"featured_media":0,"parent":0,"menu_order":0,"comment_status":"closed","ping_status":"closed","template":"","meta":[],"_links":{"self":[{"href":"https:\/\/premiumiptv.me\/22\/wp-json\/wp\/v2\/pages\/1192"}],"collection":[{"href":"https:\/\/premiumiptv.me\/22\/wp-json\/wp\/v2\/pages"}],"about":[{"href":"https:\/\/premiumiptv.me\/22\/wp-json\/wp\/v2\/types\/page"}],"author":[{"embeddable":true,"href":"https:\/\/premiumiptv.me\/22\/wp-json\/wp\/v2\/users\/1"}],"replies":[{"embeddable":true,"href":"https:\/\/premiumiptv.me\/22\/wp-json\/wp\/v2\/comments?post=1192"}],"version-history":[{"count":0,"href":"https:\/\/premiumiptv.me\/22\/wp-json\/wp\/v2\/pages\/1192\/revisions"}],"wp:attachment":[{"href":"https:\/\/premiumiptv.me\/22\/wp-json\/wp\/v2\/media?parent=1192"}],"curies":[{"name":"wp","href":"https:\/\/api.w.org\/{rel}","templated":true}]}}