{"id":1188,"date":"2021-01-30T16:50:06","date_gmt":"2021-01-30T16:50:06","guid":{"rendered":"https:\/\/premiumiptv.me\/?page_id=1188"},"modified":"2021-01-31T17:46:21","modified_gmt":"2021-01-31T17:46:21","slug":"smartiptv","status":"publish","type":"page","link":"https:\/\/premiumiptv.me\/22\/smartiptv\/","title":{"rendered":"Installation sur l\u2019application SMART IPTV"},"content":{"rendered":"<p style=\"text-align: center;\"><strong><span class=\"goog-text-highlight\">1- Notez l&#8217;adresse MAC qui s&#8217;affiche sur Votre \u00e9cran\u00a0<\/span><\/strong><\/p>\n<p><img loading=\"lazy\" class=\"aligncenter wp-image-1189 size-full\" src=\"https:\/\/premiumiptv.me\/wp-content\/uploads\/2021\/01\/SMARTERS6.png\" alt=\"\" width=\"729\" height=\"400\" srcset=\"https:\/\/premiumiptv.me\/wp-content\/uploads\/2021\/01\/SMARTERS6.png 729w, https:\/\/premiumiptv.me\/wp-content\/uploads\/2021\/01\/SMARTERS6-640x351.png 640w, https:\/\/premiumiptv.me\/wp-content\/uploads\/2021\/01\/SMARTERS6-400x219.png 400w, https:\/\/premiumiptv.me\/wp-content\/uploads\/2021\/01\/SMARTERS6-367x201.png 367w, https:\/\/premiumiptv.me\/wp-content\/uploads\/2021\/01\/SMARTERS6-600x329.png 600w\" sizes=\"(max-width: 729px) 100vw, 729px\" \/><\/p>\n<p>&nbsp;<\/p>\n<p style=\"text-align: center;\">\u00a0<strong>2: Visitez\u00a0 <a href=\"http:\/\/www.siptv.eu\/mylist\/\" target=\"_blank\" rel=\"noopener\">www.siptv.eu\/mylist<\/a>\u00a0\u00a0sur votre navigateur Web mobile \/ PC.<\/strong><\/p>\n<p style=\"text-align: center;\"><strong><span class=\"\">3: Saisissez l&#8217;adresse MAC qui s&#8217;affiche sur le t\u00e9l\u00e9viseur et l&#8217;URL .m3u que vous avez re\u00e7u de notre part et cliquez sur send<\/span><\/strong><\/p>\n<p><img loading=\"lazy\" class=\"wp-image-1190 size-full aligncenter\" src=\"https:\/\/premiumiptv.me\/wp-content\/uploads\/2021\/01\/bc2ea2d5ab11bdaf2b2cb06091e33ea3.png\" alt=\"\" width=\"740\" height=\"563\" srcset=\"https:\/\/premiumiptv.me\/wp-content\/uploads\/2021\/01\/bc2ea2d5ab11bdaf2b2cb06091e33ea3.png 740w, https:\/\/premiumiptv.me\/wp-content\/uploads\/2021\/01\/bc2ea2d5ab11bdaf2b2cb06091e33ea3-640x487.png 640w, https:\/\/premiumiptv.me\/wp-content\/uploads\/2021\/01\/bc2ea2d5ab11bdaf2b2cb06091e33ea3-400x304.png 400w, https:\/\/premiumiptv.me\/wp-content\/uploads\/2021\/01\/bc2ea2d5ab11bdaf2b2cb06091e33ea3-367x279.png 367w, https:\/\/premiumiptv.me\/wp-content\/uploads\/2021\/01\/bc2ea2d5ab11bdaf2b2cb06091e33ea3-600x456.png 600w\" sizes=\"(max-width: 740px) 100vw, 740px\" \/><\/p>\n<p style=\"text-align: center;\"><strong><span class=\"\">4 : Attendez de recevoir la fen\u00eatre contextuelle indiquant \u00ab1 URL ajout\u00e9e! <\/span>Red\u00e9marrez votre application. \u00bb<\/strong><\/p>\n<p style=\"text-align: center;\"><strong>5: Lancez \u00e0 nouveau la Smart IPTV et attendez quelques minutes pour charger toutes les cha\u00eenes IPTV.<\/strong><\/p>\n<p style=\"text-align: center;\"><strong>(ne cliquez pas sur ok laissez l&#8217;application compte jusqu&#8217;\u00e0 la fin )<\/strong><\/p>\n<p>&nbsp;<\/p>\n<p><span class=\"goog-text-highlight\">NB : Apr\u00e8s avoir install\u00e9 l&#8217;application, son utilisation est gratuite pendant\u00a0 <\/span><b><span class=\"goog-text-highlight\">7 jours seulement,\u00a0<\/span><\/b><span class=\"goog-text-highlight\">\u00a0apr\u00e8s quoi vous devez acheter cette application pour 5,49EUR \/\u00a0<\/span><b><span class=\"goog-text-highlight\">dur\u00e9e de vie<\/span><\/b><\/p>\n<p>Allez sur\u00a0\u00a0<a href=\"http:\/\/siptv.eu\/activation\/\" target=\"_blank\" rel=\"noreferrer noopener\">http:\/\/siptv.eu\/activation\/<\/a>\u00a0\u00a0et activez-le \u00e0 vie.<\/p>\n","protected":false},"excerpt":{"rendered":"<p>1- Notez l&#8217;adresse MAC qui s&#8217;affiche sur Votre \u00e9cran\u00a0 &nbsp; \u00a02: Visitez\u00a0 www.siptv.eu\/mylist\u00a0\u00a0sur votre navigateur Web mobile \/ PC. 3: Saisissez l&#8217;adresse MAC qui s&#8217;affiche sur le t\u00e9l\u00e9viseur et l&#8217;URL .m3u que vous avez re\u00e7u de notre part et cliquez sur send 4 : Attendez de recevoir la fen\u00eatre contextuelle indiquant \u00ab1 URL ajout\u00e9e! Red\u00e9marrez [&hellip;]<\/p>\n","protected":false},"author":1,"featured_media":0,"parent":0,"menu_order":0,"comment_status":"closed","ping_status":"closed","template":"","meta":[],"_links":{"self":[{"href":"https:\/\/premiumiptv.me\/22\/wp-json\/wp\/v2\/pages\/1188"}],"collection":[{"href":"https:\/\/premiumiptv.me\/22\/wp-json\/wp\/v2\/pages"}],"about":[{"href":"https:\/\/premiumiptv.me\/22\/wp-json\/wp\/v2\/types\/page"}],"author":[{"embeddable":true,"href":"https:\/\/premiumiptv.me\/22\/wp-json\/wp\/v2\/users\/1"}],"replies":[{"embeddable":true,"href":"https:\/\/premiumiptv.me\/22\/wp-json\/wp\/v2\/comments?post=1188"}],"version-history":[{"count":0,"href":"https:\/\/premiumiptv.me\/22\/wp-json\/wp\/v2\/pages\/1188\/revisions"}],"wp:attachment":[{"href":"https:\/\/premiumiptv.me\/22\/wp-json\/wp\/v2\/media?parent=1188"}],"curies":[{"name":"wp","href":"https:\/\/api.w.org\/{rel}","templated":true}]}}