{"id":7105,"date":"2023-03-21T19:24:31","date_gmt":"2023-03-21T19:24:31","guid":{"rendered":"https:\/\/premiumiptv.me\/22\/?post_type=product&#038;p=7105"},"modified":"2023-09-21T17:12:34","modified_gmt":"2023-09-21T17:12:34","slug":"suscripcion-de-12-meses-2","status":"publish","type":"product","link":"https:\/\/premiumiptv.me\/22\/es\/products\/suscripcion-de-12-meses-2\/","title":{"rendered":"Suscripci\u00f3n de 12 meses"},"content":{"rendered":"<p>\u2713 Compatible con todas las aplicaciones de iptv (Hot Iptv- smart iptv \u2013 set iptv- net iptv \u2013 ss iptv \u2013 Flix Iptv \u2013 Home Iptv- Ibo Player \u2013 Extreme iptv \u2013 ect\u2026..)<br \/>\n\u2713 despu\u00e9s del pago, nuestros agentes lo contactar\u00e1n para confirmar la instalaci\u00f3n de su suscripci\u00f3n.<br \/>\n\u2713 Obtiene m\u00e1s de 9700 canales regulares y premium al instante.j<br \/>\n\u2713 Obtienes m\u00e1s de 22000 pel\u00edculas y series (VOD).<br \/>\n\u2713 Te beneficias de un servicio de atenci\u00f3n al cliente 24\/7.<\/p>\n","protected":false},"excerpt":{"rendered":"<div>\u2713 Compatible con todas las aplicaciones de iptv (Hot Iptv- smart iptv \u2013 set iptv- net iptv \u2013 ss iptv \u2013 Flix Iptv \u2013 Home Iptv- Ibo Player \u2013 Extreme iptv \u2013 ect\u2026..)<br \/>\n\u2713 despu\u00e9s del pago, nuestros agentes lo contactar\u00e1n para confirmar la instalaci\u00f3n de su suscripci\u00f3n.<br \/>\n\u2713 Obtiene m\u00e1s de 9700 canales regulares y premium al instante.j<br \/>\n\u2713 Obtienes m\u00e1s de 22000 pel\u00edculas y series (VOD).<br \/>\n\u2713 Te beneficias de un servicio de atenci\u00f3n al cliente 24\/7.<\/div>\n<div><\/div>\n","protected":false},"featured_media":7115,"comment_status":"open","ping_status":"closed","template":"","meta":[],"_links":{"self":[{"href":"https:\/\/premiumiptv.me\/22\/es\/wp-json\/wp\/v2\/product\/7105"}],"collection":[{"href":"https:\/\/premiumiptv.me\/22\/es\/wp-json\/wp\/v2\/product"}],"about":[{"href":"https:\/\/premiumiptv.me\/22\/es\/wp-json\/wp\/v2\/types\/product"}],"replies":[{"embeddable":true,"href":"https:\/\/premiumiptv.me\/22\/es\/wp-json\/wp\/v2\/comments?post=7105"}],"version-history":[{"count":4,"href":"https:\/\/premiumiptv.me\/22\/es\/wp-json\/wp\/v2\/product\/7105\/revisions"}],"predecessor-version":[{"id":7228,"href":"https:\/\/premiumiptv.me\/22\/es\/wp-json\/wp\/v2\/product\/7105\/revisions\/7228"}],"wp:featuredmedia":[{"embeddable":true,"href":"https:\/\/premiumiptv.me\/22\/es\/wp-json\/wp\/v2\/media\/7115"}],"wp:attachment":[{"href":"https:\/\/premiumiptv.me\/22\/es\/wp-json\/wp\/v2\/media?parent=7105"}],"curies":[{"name":"wp","href":"https:\/\/api.w.org\/{rel}","templated":true}]}}