{"id":4773,"date":"2021-01-27T15:18:38","date_gmt":"2021-01-27T15:18:38","guid":{"rendered":"https:\/\/premiumiptv.me\/22\/como-instalar-iptv-en-smart-tv-lg-samsung-sony-toshiba-tcl-hisense\/"},"modified":"2021-01-27T15:18:38","modified_gmt":"2021-01-27T15:18:38","slug":"como-instalar-iptv-en-smart-tv-lg-samsung-sony-toshiba-tcl-hisense","status":"publish","type":"page","link":"https:\/\/premiumiptv.me\/22\/es\/como-instalar-iptv-en-smart-tv-lg-samsung-sony-toshiba-tcl-hisense\/","title":{"rendered":"C\u00f3mo instalar IPTV en Smart TV ( LG \/ SAMSUNG \/ SONY \/ TOSHIBA \/ TCL\/ HISENSE&#8230;)"},"content":{"rendered":"<p style=\"text-align: center;\"><strong data-wp-editing=\"1\"><img class=\"emoji alignnone\" draggable=\"false\" src=\"https:\/\/s.w.org\/images\/core\/emoji\/12.0.0-1\/svg\/2705.svg\" alt=\"\u2705\"><a href=\"\/duplexplay\">Instalaci\u00f3n en la aplicaci\u00f3n DUPLEX PLAY o DUPLEX IPTV  <\/a><\/strong><a href=\"\/duplexplay\"><strong data-wp-editing=\"1\"><img loading=\"lazy\" class=\"size-medium wp-image-1135 aligncenter\" src=\"https:\/\/premiumiptv.me\/wp-content\/uploads\/2021\/01\/imagen-duplex-iptv-0big-300x240.png\" alt=\"\" width=\"300\" height=\"240\"><\/strong><\/a><\/p>\n<p class=\"light\" style=\"text-align: center;\"><strong data-wp-editing=\"1\"><img class=\"emoji aligncenter\" draggable=\"false\" src=\"https:\/\/s.w.org\/images\/core\/emoji\/12.0.0-1\/svg\/2705.svg\" alt=\"\u2705\"><a href=\"\/smartiptv\">Instalaci\u00f3n en la aplicaci\u00f3n SMART IPTV<\/a><\/strong><strong data-wp-editing=\"1\"><a href=\"\/smartiptv\"><img loading=\"lazy\" class=\"aligncenter wp-image-1134 size-medium\" src=\"https:\/\/premiumiptv.me\/wp-content\/uploads\/2021\/01\/%D8%A8%D8%A7%D9%82%D8%A9-Smart-Iptv-%D8%A7%D9%88%D8%B1%D9%88%D8%A8%D8%A7-%D8%A7%D9%84%D8%AF%D9%88%D9%84-%D8%A7%D9%84%D8%B9%D8%B1%D8%A8%D9%8A%D8%A9-300x300.png\" alt=\"\" width=\"300\" height=\"300\"><\/a><\/strong><\/p>\n<p class=\"light\" style=\"text-align: center;\"><strong data-wp-editing=\"1\"><strong data-wp-editing=\"1\"><a href=\"\/setiptv\"><img class=\"emoji aligncenter\" draggable=\"false\" src=\"https:\/\/s.w.org\/images\/core\/emoji\/12.0.0-1\/svg\/2705.svg\" alt=\"\u2705\"><\/a><a href=\"\/setiptv\" data-wp-editing=\"1\">Instalaci\u00f3n en la aplicaci\u00f3n SET IPTV<\/a><\/strong><\/strong><\/p>\n<p class=\"light\" style=\"text-align: center;\"><strong data-wp-editing=\"1\"><a href=\"\/setiptv\"><img loading=\"lazy\" class=\"alignnone size-medium wp-image-1136\" src=\"https:\/\/premiumiptv.me\/wp-content\/uploads\/2021\/01\/setiptv-300x300.png\" alt=\"\" width=\"300\" height=\"300\"><\/a><\/strong><\/p>\n<p class=\"light\" style=\"text-align: center;\" data-wp-editing=\"1\"><strong data-wp-editing=\"1\"><br \/>\n  <a href=\"\/netiptv\"><br \/>\n    <img class=\"emoji alignnone\" draggable=\"false\" src=\"https:\/\/s.w.org\/images\/core\/emoji\/12.0.0-1\/svg\/2705.svg\" alt=\"\u2705\"><br \/>\n  <\/a><br \/>\n  <a href=\"\/duplexplay\">I<\/a><br \/>\n<\/strong><strong data-wp-editing=\"1\"><br \/>\n  <a href=\"\/netiptv\">nstalaci\u00f3n en la aplicaci\u00f3n NET IPTV<\/a><br \/>\n<\/strong><\/p>\n<p><a href=\"\/netiptv\"><strong data-wp-editing=\"1\"><img loading=\"lazy\" class=\"size-medium wp-image-1133 aligncenter\" src=\"https:\/\/premiumiptv.me\/wp-content\/uploads\/2021\/01\/screen-0-1-300x169.jpg\" alt=\"\" width=\"300\" height=\"169\"><\/strong><\/a><\/p>\n<p style=\"text-align: center;\"><strong data-wp-editing=\"1\"><img class=\"emoji aligncenter\" draggable=\"false\" src=\"https:\/\/s.w.org\/images\/core\/emoji\/12.0.0-1\/svg\/2705.svg\" alt=\"\u2705\"><a href=\"\/ssiptv\">Instalaci\u00f3n en la aplicaci\u00f3n SS IPTV  <\/a><\/strong><\/p>\n<p><a href=\"\/ssiptv\"><img loading=\"lazy\" class=\"size-medium wp-image-1132 aligncenter\" src=\"https:\/\/premiumiptv.me\/wp-content\/uploads\/2021\/01\/iptv-12-mois-pour-ss-iptv-300x300.png\" alt=\"\" width=\"300\" height=\"300\"><\/a><\/p>\n","protected":false},"excerpt":{"rendered":"<p>Instalaci\u00f3n en la aplicaci\u00f3n DUPLEX PLAY o DUPLEX IPTV Instalaci\u00f3n en la aplicaci\u00f3n SMART IPTV Instalaci\u00f3n en la aplicaci\u00f3n SET IPTV I nstalaci\u00f3n en la aplicaci\u00f3n NET IPTV Instalaci\u00f3n en la aplicaci\u00f3n SS IPTV<\/p>\n","protected":false},"author":1,"featured_media":0,"parent":0,"menu_order":0,"comment_status":"closed","ping_status":"closed","template":"","meta":[],"_links":{"self":[{"href":"https:\/\/premiumiptv.me\/22\/es\/wp-json\/wp\/v2\/pages\/4773"}],"collection":[{"href":"https:\/\/premiumiptv.me\/22\/es\/wp-json\/wp\/v2\/pages"}],"about":[{"href":"https:\/\/premiumiptv.me\/22\/es\/wp-json\/wp\/v2\/types\/page"}],"author":[{"embeddable":true,"href":"https:\/\/premiumiptv.me\/22\/es\/wp-json\/wp\/v2\/users\/1"}],"replies":[{"embeddable":true,"href":"https:\/\/premiumiptv.me\/22\/es\/wp-json\/wp\/v2\/comments?post=4773"}],"version-history":[{"count":0,"href":"https:\/\/premiumiptv.me\/22\/es\/wp-json\/wp\/v2\/pages\/4773\/revisions"}],"wp:attachment":[{"href":"https:\/\/premiumiptv.me\/22\/es\/wp-json\/wp\/v2\/media?parent=4773"}],"curies":[{"name":"wp","href":"https:\/\/api.w.org\/{rel}","templated":true}]}}