{"id":4766,"date":"2021-01-27T12:40:47","date_gmt":"2021-01-27T12:40:47","guid":{"rendered":"https:\/\/premiumiptv.me\/22\/guias-de-instalacion-2\/"},"modified":"2021-01-27T12:40:47","modified_gmt":"2021-01-27T12:40:47","slug":"guias-de-instalacion-2","status":"publish","type":"page","link":"https:\/\/premiumiptv.me\/22\/es\/guias-de-instalacion-2\/","title":{"rendered":"Gu\u00edas de instalaci\u00f3n"},"content":{"rendered":"<p><strong data-wp-editing=\"1\"><img class=\"emoji alignleft\" draggable=\"false\" src=\"https:\/\/s.w.org\/images\/core\/emoji\/12.0.0-1\/svg\/2705.svg\" alt=\"\u2705\"> <a href=\"\/smarttv\">C\u00f3mo instalar IPTV en Smart TV ( LG \/ SAMSUNG \/ SONY \/ TOSHIBA \/ TCL\/ HISENSE&#8230;)<\/a><\/strong><\/p>\n<p class=\"light\"><a href=\"\/android\"><strong data-wp-editing=\"1\"><img class=\"emoji\" draggable=\"false\" src=\"https:\/\/s.w.org\/images\/core\/emoji\/12.0.0-1\/svg\/2705.svg\" alt=\"\u2705\">  C\u00f3mo instalar IPTV en un smartphone o televisor Android<\/strong><\/a><\/p>\n<p class=\"light\"><a href=\"\/apple\"><strong data-wp-editing=\"1\"><img class=\"emoji\" draggable=\"false\" src=\"https:\/\/s.w.org\/images\/core\/emoji\/12.0.0-1\/svg\/2705.svg\" alt=\"\u2705\"><span class=\"goog-text-highlight\">  C\u00f3mo ver canales en directo en Apple iPhone \/ iPad \/ Apple TV<\/span><\/strong><\/a><\/p>\n<p class=\"light\"><a href=\"\/pc\"><strong data-wp-editing=\"1\"><img class=\"emoji\" draggable=\"false\" src=\"https:\/\/s.w.org\/images\/core\/emoji\/12.0.0-1\/svg\/2705.svg\" alt=\"\u2705\">  C\u00f3mo instalar IPTV en PC y port\u00e1til (Windows)<\/strong><\/a><\/p>\n<p><a href=\"\/pc\"><strong data-wp-editing=\"1\"><img class=\"emoji\" draggable=\"false\" src=\"https:\/\/s.w.org\/images\/core\/emoji\/12.0.0-1\/svg\/2705.svg\" alt=\"\u2705\">  C\u00f3mo instalar IPTV en PC Mac<\/strong><\/a><\/p>\n<p data-wp-editing=\"1\"><a href=\"\/mag\"><strong><img class=\"emoji\" draggable=\"false\" src=\"https:\/\/s.w.org\/images\/core\/emoji\/12.0.0-1\/svg\/2705.svg\" alt=\"\u2705\"> <\/strong><strong>C\u00f3mo instalar IPTV en una caja MAG<\/strong><\/a><\/p>\n<p><a href=\"\/formuler\"><strong><img class=\"emoji\" draggable=\"false\" src=\"https:\/\/s.w.org\/images\/core\/emoji\/12.0.0-1\/svg\/2705.svg\" alt=\"\u2705\">  C\u00f3mo instalar IPTV en Formulate Z a trav\u00e9s de la aplicaci\u00f3n (MytvOnline)<\/strong><\/a><\/p>\n<p><a href=\"\/packs\"><strong><img class=\"emoji\" draggable=\"false\" src=\"https:\/\/s.w.org\/images\/core\/emoji\/12.0.0-1\/svg\/2705.svg\" alt=\"\u2705\">  \u00bfC\u00f3mo pago mi abono a IPTV?<\/strong><\/a><\/p>\n","protected":false},"excerpt":{"rendered":"<p>C\u00f3mo instalar IPTV en Smart TV ( LG \/ SAMSUNG \/ SONY \/ TOSHIBA \/ TCL\/ HISENSE&#8230;) C\u00f3mo instalar IPTV en un smartphone o televisor Android C\u00f3mo ver canales en directo en Apple iPhone \/ iPad \/ Apple TV C\u00f3mo instalar IPTV en PC y port\u00e1til (Windows) C\u00f3mo instalar IPTV en PC Mac C\u00f3mo instalar [&hellip;]<\/p>\n","protected":false},"author":1,"featured_media":0,"parent":0,"menu_order":0,"comment_status":"closed","ping_status":"closed","template":"","meta":[],"_links":{"self":[{"href":"https:\/\/premiumiptv.me\/22\/es\/wp-json\/wp\/v2\/pages\/4766"}],"collection":[{"href":"https:\/\/premiumiptv.me\/22\/es\/wp-json\/wp\/v2\/pages"}],"about":[{"href":"https:\/\/premiumiptv.me\/22\/es\/wp-json\/wp\/v2\/types\/page"}],"author":[{"embeddable":true,"href":"https:\/\/premiumiptv.me\/22\/es\/wp-json\/wp\/v2\/users\/1"}],"replies":[{"embeddable":true,"href":"https:\/\/premiumiptv.me\/22\/es\/wp-json\/wp\/v2\/comments?post=4766"}],"version-history":[{"count":0,"href":"https:\/\/premiumiptv.me\/22\/es\/wp-json\/wp\/v2\/pages\/4766\/revisions"}],"wp:attachment":[{"href":"https:\/\/premiumiptv.me\/22\/es\/wp-json\/wp\/v2\/media?parent=4766"}],"curies":[{"name":"wp","href":"https:\/\/api.w.org\/{rel}","templated":true}]}}