{"id":4765,"date":"2021-01-30T21:12:31","date_gmt":"2021-01-30T21:12:31","guid":{"rendered":"https:\/\/premiumiptv.me\/22\/como-instalar-iptv-en-un-smartphone-o-televisor-android\/"},"modified":"2021-01-30T21:12:31","modified_gmt":"2021-01-30T21:12:31","slug":"como-instalar-iptv-en-un-smartphone-o-televisor-android","status":"publish","type":"page","link":"https:\/\/premiumiptv.me\/22\/es\/como-instalar-iptv-en-un-smartphone-o-televisor-android\/","title":{"rendered":"C\u00f3mo instalar IPTV en un smartphone o televisor Android"},"content":{"rendered":"<p style=\"text-align: center;\"><strong data-wp-editing=\"1\"><img class=\"emoji alignnone\" draggable=\"false\" src=\"https:\/\/s.w.org\/images\/core\/emoji\/12.0.0-1\/svg\/2705.svg\" alt=\"\u2705\"><a href=\"\/smarters\">Instalaci\u00f3n en la aplicaci\u00f3n IPTV SMARTERS PRO<\/a><\/strong><a href=\"\/smarters\"><strong data-wp-editing=\"1\"><img loading=\"lazy\" class=\"aligncenter wp-image-1131 size-medium\" src=\"https:\/\/premiumiptv.me\/wp-content\/uploads\/2021\/01\/unnamed-1-300x300.png\" alt=\"\" width=\"300\" height=\"300\"><\/strong><\/a><\/p>\n<p style=\"text-align: center;\"><strong data-wp-editing=\"1\"><img class=\"emoji alignnone aligncenter\" draggable=\"false\" src=\"https:\/\/s.w.org\/images\/core\/emoji\/12.0.0-1\/svg\/2705.svg\" alt=\"\u2705\"><a href=\"\/duplexplay\">Instalaci\u00f3n en la aplicaci\u00f3n DUPLEX PLAY o DUPLEX IPTV  <\/a><\/strong><a href=\"\/duplexplay\"><strong data-wp-editing=\"1\"><img loading=\"lazy\" class=\"size-medium wp-image-1135 aligncenter\" src=\"https:\/\/premiumiptv.me\/wp-content\/uploads\/2021\/01\/imagen-duplex-iptv-0big-300x240.png\" alt=\"\" width=\"300\" height=\"240\"><\/strong><\/a><\/p>\n<p class=\"light\" style=\"text-align: center;\"><strong data-wp-editing=\"1\"><img class=\"emoji aligncenter\" draggable=\"false\" src=\"https:\/\/s.w.org\/images\/core\/emoji\/12.0.0-1\/svg\/2705.svg\" alt=\"\u2705\"><a href=\"\/XCIPTV\">Instalaci\u00f3n en la aplicaci\u00f3n XCIPTV PLAYER<\/a><\/strong><a href=\"\/xciptv\"><strong data-wp-editing=\"1\"><img loading=\"lazy\" class=\"wp-image-1207 size-medium aligncenter\" src=\"https:\/\/premiumiptv.me\/wp-content\/uploads\/2021\/01\/imagen-xciptv-player-0big-300x240.png\" alt=\"\" width=\"300\" height=\"240\"><\/strong><\/a><\/p>\n","protected":false},"excerpt":{"rendered":"<p>Instalaci\u00f3n en la aplicaci\u00f3n IPTV SMARTERS PRO Instalaci\u00f3n en la aplicaci\u00f3n DUPLEX PLAY o DUPLEX IPTV Instalaci\u00f3n en la aplicaci\u00f3n XCIPTV PLAYER<\/p>\n","protected":false},"author":1,"featured_media":0,"parent":0,"menu_order":0,"comment_status":"closed","ping_status":"closed","template":"","meta":[],"_links":{"self":[{"href":"https:\/\/premiumiptv.me\/22\/es\/wp-json\/wp\/v2\/pages\/4765"}],"collection":[{"href":"https:\/\/premiumiptv.me\/22\/es\/wp-json\/wp\/v2\/pages"}],"about":[{"href":"https:\/\/premiumiptv.me\/22\/es\/wp-json\/wp\/v2\/types\/page"}],"author":[{"embeddable":true,"href":"https:\/\/premiumiptv.me\/22\/es\/wp-json\/wp\/v2\/users\/1"}],"replies":[{"embeddable":true,"href":"https:\/\/premiumiptv.me\/22\/es\/wp-json\/wp\/v2\/comments?post=4765"}],"version-history":[{"count":0,"href":"https:\/\/premiumiptv.me\/22\/es\/wp-json\/wp\/v2\/pages\/4765\/revisions"}],"wp:attachment":[{"href":"https:\/\/premiumiptv.me\/22\/es\/wp-json\/wp\/v2\/media?parent=4765"}],"curies":[{"name":"wp","href":"https:\/\/api.w.org\/{rel}","templated":true}]}}