{"id":4747,"date":"2021-06-09T15:58:31","date_gmt":"2021-06-09T15:58:31","guid":{"rendered":"https:\/\/premiumiptv.me\/22\/como-instalar-iptv-en-apple-iphone-ipad-apple-tv-2\/"},"modified":"2021-06-09T15:58:31","modified_gmt":"2021-06-09T15:58:31","slug":"como-instalar-iptv-en-apple-iphone-ipad-apple-tv-2","status":"publish","type":"page","link":"https:\/\/premiumiptv.me\/22\/es\/como-instalar-iptv-en-apple-iphone-ipad-apple-tv-2\/","title":{"rendered":"C\u00f3mo instalar iptv en Apple iPhone \/ iPad \/ Apple TV"},"content":{"rendered":"<ul>\n<li>\n<h4><strong>Instalaci\u00f3n en la aplicaci\u00f3n <a href=\"https:\/\/apps.apple.com\/us\/app\/iptv-smarters-player\/id1383614816\">IPTV Smarters Player<\/a><\/strong><\/h4>\n<\/li>\n<\/ul>\n<p>Instale la aplicaci\u00f3n en su dispositivo despu\u00e9s de iniciar sesi\u00f3n en la aplicaci\u00f3n con los c\u00f3digos xtream que obtuvo de nosotros.<\/p>\n<ul>\n<li>\n<h4><strong>Instalaci\u00f3n en la aplicaci\u00f3n <a href=\"https:\/\/apps.apple.com\/us\/app\/xtream-iptv\/id1491319185\">Xtream IPTV<\/a><\/strong><\/h4>\n<\/li>\n<\/ul>\n<p>Instale la aplicaci\u00f3n en su dispositivo despu\u00e9s de iniciar sesi\u00f3n en la aplicaci\u00f3n con los c\u00f3digos xtream que obtuvo de nosotros.<\/p>\n<ul>\n<li>\n<h4><strong>Instalaci\u00f3n en la aplicaci\u00f3n <a href=\"https:\/\/apps.apple.com\/us\/app\/gse-smart-iptv\/id1028734023\">GSE SMART IPTV<\/a><\/strong><\/h4>\n<\/li>\n<\/ul>\n<p>Instale la aplicaci\u00f3n en su dispositivo despu\u00e9s de iniciar sesi\u00f3n en la aplicaci\u00f3n con los c\u00f3digos xtream que obtuvo de nosotros.<\/p>\n<p>&nbsp;<\/p>\n","protected":false},"excerpt":{"rendered":"<p>Instalaci\u00f3n en la aplicaci\u00f3n IPTV Smarters Player Instale la aplicaci\u00f3n en su dispositivo despu\u00e9s de iniciar sesi\u00f3n en la aplicaci\u00f3n con los c\u00f3digos xtream que obtuvo de nosotros. Instalaci\u00f3n en la aplicaci\u00f3n Xtream IPTV Instale la aplicaci\u00f3n en su dispositivo despu\u00e9s de iniciar sesi\u00f3n en la aplicaci\u00f3n con los c\u00f3digos xtream que obtuvo de nosotros. [&hellip;]<\/p>\n","protected":false},"author":1,"featured_media":0,"parent":0,"menu_order":0,"comment_status":"closed","ping_status":"closed","template":"","meta":[],"_links":{"self":[{"href":"https:\/\/premiumiptv.me\/22\/es\/wp-json\/wp\/v2\/pages\/4747"}],"collection":[{"href":"https:\/\/premiumiptv.me\/22\/es\/wp-json\/wp\/v2\/pages"}],"about":[{"href":"https:\/\/premiumiptv.me\/22\/es\/wp-json\/wp\/v2\/types\/page"}],"author":[{"embeddable":true,"href":"https:\/\/premiumiptv.me\/22\/es\/wp-json\/wp\/v2\/users\/1"}],"replies":[{"embeddable":true,"href":"https:\/\/premiumiptv.me\/22\/es\/wp-json\/wp\/v2\/comments?post=4747"}],"version-history":[{"count":0,"href":"https:\/\/premiumiptv.me\/22\/es\/wp-json\/wp\/v2\/pages\/4747\/revisions"}],"wp:attachment":[{"href":"https:\/\/premiumiptv.me\/22\/es\/wp-json\/wp\/v2\/media?parent=4747"}],"curies":[{"name":"wp","href":"https:\/\/api.w.org\/{rel}","templated":true}]}}