{"id":4741,"date":"2021-01-30T20:44:25","date_gmt":"2021-01-30T20:44:25","guid":{"rendered":"https:\/\/premiumiptv.me\/22\/instalacion-en-la-aplicacion-iptv-smarters-pro\/"},"modified":"2021-01-30T20:44:25","modified_gmt":"2021-01-30T20:44:25","slug":"instalacion-en-la-aplicacion-iptv-smarters-pro","status":"publish","type":"page","link":"https:\/\/premiumiptv.me\/22\/es\/instalacion-en-la-aplicacion-iptv-smarters-pro\/","title":{"rendered":"Instalaci\u00f3n en la aplicaci\u00f3n iptv smarters pro"},"content":{"rendered":"<h2 style=\"text-align: center;\">1: Instala la aplicaci\u00f3n desde Play store <a style=\"font-weight: bold;\" href=\"https:\/\/play.google.com\/store\/apps\/details?id=com.nst.iptvsmarterstvbox&amp;hl=fr&amp;gl=US\" target=\"_blank\" rel=\"noopener\">aqu\u00ed<\/a><\/h2>\n<h2 style=\"text-align: center;\"><strong>2: Abres la aplicaci\u00f3n y pulsas en conexi\u00f3n con los c\u00f3digos xtream api<\/strong><\/h2>\n<p><img loading=\"lazy\" class=\"wp-image-1201 size-large aligncenter\" src=\"https:\/\/premiumiptv.me\/wp-content\/uploads\/2021\/01\/Screenshot_20210130-213111_IPTV-Smarters-Pro-1024x498.jpg\" alt=\"\" width=\"1024\" height=\"498\" srcset=\"https:\/\/premiumiptv.me\/wp-content\/uploads\/2021\/01\/Screenshot_20210130-213111_IPTV-Smarters-Pro-1024x498.jpg 1024w, https:\/\/premiumiptv.me\/wp-content\/uploads\/2021\/01\/Screenshot_20210130-213111_IPTV-Smarters-Pro-768x373.jpg 768w, https:\/\/premiumiptv.me\/wp-content\/uploads\/2021\/01\/Screenshot_20210130-213111_IPTV-Smarters-Pro-640x311.jpg 640w, https:\/\/premiumiptv.me\/wp-content\/uploads\/2021\/01\/Screenshot_20210130-213111_IPTV-Smarters-Pro-400x194.jpg 400w, https:\/\/premiumiptv.me\/wp-content\/uploads\/2021\/01\/Screenshot_20210130-213111_IPTV-Smarters-Pro-367x178.jpg 367w, https:\/\/premiumiptv.me\/wp-content\/uploads\/2021\/01\/Screenshot_20210130-213111_IPTV-Smarters-Pro-600x292.jpg 600w\" sizes=\"(max-width: 1024px) 100vw, 1024px\" \/><\/p>\n<h2><\/h2>\n<h2 style=\"text-align: center;\"><strong>3: Usted introduce los c\u00f3digos que recibi\u00f3 de nosotros (usuario &#8211; contrase\u00f1a &#8211; url ) en el cuadro de cualquier nombre que usted puede poner cualquier<\/strong><\/h2>\n<p><img loading=\"lazy\" class=\"aligncenter wp-image-1202 size-full\" src=\"https:\/\/premiumiptv.me\/wp-content\/uploads\/2021\/01\/Screenshot_20210130-213138_IPTV-Smarters-Pro.jpg\" alt=\"\" width=\"1340\" height=\"667\" srcset=\"https:\/\/premiumiptv.me\/wp-content\/uploads\/2021\/01\/Screenshot_20210130-213138_IPTV-Smarters-Pro.jpg 1340w, https:\/\/premiumiptv.me\/wp-content\/uploads\/2021\/01\/Screenshot_20210130-213138_IPTV-Smarters-Pro-1024x510.jpg 1024w, https:\/\/premiumiptv.me\/wp-content\/uploads\/2021\/01\/Screenshot_20210130-213138_IPTV-Smarters-Pro-768x382.jpg 768w, https:\/\/premiumiptv.me\/wp-content\/uploads\/2021\/01\/Screenshot_20210130-213138_IPTV-Smarters-Pro-640x319.jpg 640w, https:\/\/premiumiptv.me\/wp-content\/uploads\/2021\/01\/Screenshot_20210130-213138_IPTV-Smarters-Pro-400x199.jpg 400w, https:\/\/premiumiptv.me\/wp-content\/uploads\/2021\/01\/Screenshot_20210130-213138_IPTV-Smarters-Pro-367x183.jpg 367w, https:\/\/premiumiptv.me\/wp-content\/uploads\/2021\/01\/Screenshot_20210130-213138_IPTV-Smarters-Pro-600x299.jpg 600w\" sizes=\"(max-width: 1340px) 100vw, 1340px\" \/><\/p>\n<p>&nbsp;<\/p>\n","protected":false},"excerpt":{"rendered":"<p>1: Instala la aplicaci\u00f3n desde Play store aqu\u00ed 2: Abres la aplicaci\u00f3n y pulsas en conexi\u00f3n con los c\u00f3digos xtream api 3: Usted introduce los c\u00f3digos que recibi\u00f3 de nosotros (usuario &#8211; contrase\u00f1a &#8211; url ) en el cuadro de cualquier nombre que usted puede poner cualquier &nbsp;<\/p>\n","protected":false},"author":1,"featured_media":0,"parent":0,"menu_order":0,"comment_status":"closed","ping_status":"closed","template":"","meta":[],"_links":{"self":[{"href":"https:\/\/premiumiptv.me\/22\/es\/wp-json\/wp\/v2\/pages\/4741"}],"collection":[{"href":"https:\/\/premiumiptv.me\/22\/es\/wp-json\/wp\/v2\/pages"}],"about":[{"href":"https:\/\/premiumiptv.me\/22\/es\/wp-json\/wp\/v2\/types\/page"}],"author":[{"embeddable":true,"href":"https:\/\/premiumiptv.me\/22\/es\/wp-json\/wp\/v2\/users\/1"}],"replies":[{"embeddable":true,"href":"https:\/\/premiumiptv.me\/22\/es\/wp-json\/wp\/v2\/comments?post=4741"}],"version-history":[{"count":0,"href":"https:\/\/premiumiptv.me\/22\/es\/wp-json\/wp\/v2\/pages\/4741\/revisions"}],"wp:attachment":[{"href":"https:\/\/premiumiptv.me\/22\/es\/wp-json\/wp\/v2\/media?parent=4741"}],"curies":[{"name":"wp","href":"https:\/\/api.w.org\/{rel}","templated":true}]}}