{"id":4722,"date":"2021-01-30T17:01:47","date_gmt":"2021-01-30T17:01:47","guid":{"rendered":"https:\/\/premiumiptv.me\/22\/instalacion-en-la-aplicacion-set-iptv\/"},"modified":"2021-01-30T17:01:47","modified_gmt":"2021-01-30T17:01:47","slug":"instalacion-en-la-aplicacion-set-iptv","status":"publish","type":"page","link":"https:\/\/premiumiptv.me\/22\/es\/instalacion-en-la-aplicacion-set-iptv\/","title":{"rendered":"Instalaci\u00f3n en la aplicaci\u00f3n SET IPTV"},"content":{"rendered":"<p style=\"text-align: center;\"><strong><span class=\"goog-text-highlight\">1- Anote la direcci\u00f3n MAC que aparece en su pantalla  <\/span><\/strong><\/p>\n<p><img loading=\"lazy\" class=\"wp-image-1194 size-full aligncenter\" src=\"https:\/\/premiumiptv.me\/wp-content\/uploads\/2021\/01\/Screenshot_20201201-151951_Setiptv.jpg\" alt=\"\" width=\"512\" height=\"288\" srcset=\"https:\/\/premiumiptv.me\/wp-content\/uploads\/2021\/01\/Screenshot_20201201-151951_Setiptv.jpg 512w, https:\/\/premiumiptv.me\/wp-content\/uploads\/2021\/01\/Screenshot_20201201-151951_Setiptv-400x225.jpg 400w, https:\/\/premiumiptv.me\/wp-content\/uploads\/2021\/01\/Screenshot_20201201-151951_Setiptv-367x206.jpg 367w\" sizes=\"(max-width: 512px) 100vw, 512px\" \/><\/p>\n<p>&nbsp;<\/p>\n<p style=\"text-align: center;\"> <strong>2: Visita <a href=\"https:\/\/setsysteme.com\/set.app\">setsysteme.com\/set.<\/a> app en el navegador de tu m\u00f3vil \/ PC.<\/strong><\/p>\n<p style=\"text-align: center;\"><strong><span class=\"\">3: Introduzca la direcci\u00f3n MAC que aparece en su dispositivo y la URL de suscripci\u00f3n M3u que recibi\u00f3 de nosotros y haga clic en Enviar<\/span><\/strong><\/p>\n<p><img loading=\"lazy\" class=\"aligncenter wp-image-1193 size-full\" src=\"https:\/\/premiumiptv.me\/wp-content\/uploads\/2021\/01\/set-iptv.png\" alt=\"\" width=\"811\" height=\"606\" srcset=\"https:\/\/premiumiptv.me\/wp-content\/uploads\/2021\/01\/set-iptv.png 811w, https:\/\/premiumiptv.me\/wp-content\/uploads\/2021\/01\/set-iptv-768x574.png 768w, https:\/\/premiumiptv.me\/wp-content\/uploads\/2021\/01\/set-iptv-640x478.png 640w, https:\/\/premiumiptv.me\/wp-content\/uploads\/2021\/01\/set-iptv-400x300.png 400w, https:\/\/premiumiptv.me\/wp-content\/uploads\/2021\/01\/set-iptv-367x274.png 367w, https:\/\/premiumiptv.me\/wp-content\/uploads\/2021\/01\/set-iptv-600x448.png 600w\" sizes=\"(max-width: 811px) 100vw, 811px\" \/><\/p>\n<p>&nbsp;<\/p>\n<p style=\"text-align: center;\"><b>4: Reinicie su aplicaci\u00f3n<\/b><\/p>\n<p>&nbsp;<\/p>\n<p><span class=\"goog-text-highlight\">NB: Despu\u00e9s de instalar la aplicaci\u00f3n, su uso es gratuito durante <\/span><b><br \/>\n  <span class=\"goog-text-highlight\">7 d\u00edas, <\/span><br \/>\n<\/b><span class=\"goog-text-highlight\"> despu\u00e9s de lo cual usted debe comprar esta aplicaci\u00f3n para 15.19EUR \/ <\/span><b><br \/>\n  <span class=\"goog-text-highlight\">de por vida<\/span><br \/>\n<\/b><\/p>\n<p>Entra en <a href=\"https:\/\/setsysteme.com\/act.app\">https:\/\/setsysteme.com\/act.app<\/a> y act\u00edvalo de por vida.<\/p>\n","protected":false},"excerpt":{"rendered":"<p>1- Anote la direcci\u00f3n MAC que aparece en su pantalla &nbsp; 2: Visita setsysteme.com\/set. app en el navegador de tu m\u00f3vil \/ PC. 3: Introduzca la direcci\u00f3n MAC que aparece en su dispositivo y la URL de suscripci\u00f3n M3u que recibi\u00f3 de nosotros y haga clic en Enviar &nbsp; 4: Reinicie su aplicaci\u00f3n &nbsp; NB: [&hellip;]<\/p>\n","protected":false},"author":1,"featured_media":0,"parent":0,"menu_order":0,"comment_status":"closed","ping_status":"closed","template":"","meta":[],"_links":{"self":[{"href":"https:\/\/premiumiptv.me\/22\/es\/wp-json\/wp\/v2\/pages\/4722"}],"collection":[{"href":"https:\/\/premiumiptv.me\/22\/es\/wp-json\/wp\/v2\/pages"}],"about":[{"href":"https:\/\/premiumiptv.me\/22\/es\/wp-json\/wp\/v2\/types\/page"}],"author":[{"embeddable":true,"href":"https:\/\/premiumiptv.me\/22\/es\/wp-json\/wp\/v2\/users\/1"}],"replies":[{"embeddable":true,"href":"https:\/\/premiumiptv.me\/22\/es\/wp-json\/wp\/v2\/comments?post=4722"}],"version-history":[{"count":0,"href":"https:\/\/premiumiptv.me\/22\/es\/wp-json\/wp\/v2\/pages\/4722\/revisions"}],"wp:attachment":[{"href":"https:\/\/premiumiptv.me\/22\/es\/wp-json\/wp\/v2\/media?parent=4722"}],"curies":[{"name":"wp","href":"https:\/\/api.w.org\/{rel}","templated":true}]}}