{"id":4711,"date":"2021-03-15T13:30:56","date_gmt":"2021-03-15T13:30:56","guid":{"rendered":"https:\/\/premiumiptv.me\/22\/como-instalar-iptv-en-un-dispositivo-movil\/"},"modified":"2021-03-15T13:30:56","modified_gmt":"2021-03-15T13:30:56","slug":"como-instalar-iptv-en-un-dispositivo-movil","status":"publish","type":"page","link":"https:\/\/premiumiptv.me\/22\/es\/como-instalar-iptv-en-un-dispositivo-movil\/","title":{"rendered":"C\u00f3mo instalar IPTV en un dispositivo m\u00f3vil"},"content":{"rendered":"<h3>Lo necesitas:<\/h3>\n<p>1. La direcci\u00f3n mac de su dispositivo . ( nos env\u00edas tu direcci\u00f3n mac )<\/p>\n<p><img loading=\"lazy\" class=\"alignnone size-medium wp-image-1334\" src=\"https:\/\/premiumiptv.me\/wp-content\/uploads\/2021\/03\/673cee30ac052ea4539557297523ab9e-300x171.png\" alt=\"\" width=\"300\" height=\"171\"><\/p>\n<p>2. la url de nuestro portal de servidores (la recibir\u00e1 por correo)<\/p>\n<h3><span class=\"\">5 pasos para instalar IPTV en tu dispositivo MAC:<\/span><\/h3>\n<p><strong>Primer paso<\/strong> <span class=\"goog-text-highlight\"> Vaya a <\/span><strong><br \/>\n  <span class=\"goog-text-highlight\">Configuraci\u00f3n<\/span><br \/>\n<\/strong><\/p>\n<p><img loading=\"lazy\" class=\"alignnone size-medium wp-image-1339\" src=\"https:\/\/premiumiptv.me\/wp-content\/uploads\/2021\/03\/3b71a90f3328b982e4d3ed7774452ee4-300x201.png\" alt=\"\" width=\"300\" height=\"201\"><\/p>\n<p><strong><br \/>\n  <span class=\"goog-text-highlight\">Paso 2:<\/span><br \/>\n<\/strong><span class=\"goog-text-highlight\"> Vaya al men\u00fa Configuraci\u00f3n, haga clic en Configuraci\u00f3n del sistema y haga clic en &#8221; <\/span><strong><br \/>\n  <span class=\"goog-text-highlight\">Servidores<\/span><br \/>\n<\/strong><span class=\"goog-text-highlight\"> &#8220;<\/span><\/p>\n<p><img loading=\"lazy\" class=\"alignnone size-medium wp-image-1338\" src=\"https:\/\/premiumiptv.me\/wp-content\/uploads\/2021\/03\/f3619834d624c7497197c355be342089-300x198.png\" alt=\"\" width=\"300\" height=\"198\"><\/p>\n<p><strong><br \/>\n  <span class=\"\">Paso 3:<\/span><br \/>\n<\/strong><span class=\"\"> seleccione &#8221; <\/span><strong><br \/>\n  <span class=\"\">Portales<\/span><br \/>\n<\/strong><span class=\"\"> &#8220;<\/span><\/p>\n<p><img loading=\"lazy\" class=\"alignnone size-medium wp-image-1337\" src=\"https:\/\/premiumiptv.me\/wp-content\/uploads\/2021\/03\/9ff6c0ed1a0891a2d7a1587e8847863c-300x198.png\" alt=\"\" width=\"300\" height=\"198\"><\/p>\n<p><strong><br \/>\n  <span class=\"goog-text-highlight\">Paso 4:<\/span><br \/>\n<\/strong><span class=\"goog-text-highlight\"> En la <\/span><span class=\"goog-text-highlight\">l\u00ednea &#8221; <\/span><strong><br \/>\n  <span class=\"goog-text-highlight\">Nombre del portal 1<\/span><br \/>\n<\/strong><span class=\"goog-text-highlight\"> &#8221; introduzca el nombre que desee, en &#8221; <\/span><strong><br \/>\n  <span class=\"goog-text-highlight\">URL del portal 1<\/span><br \/>\n<\/strong><span class=\"goog-text-highlight\"> &#8221; introduzca la url del portal que ha recibido de nuestro servidor.<\/span><\/p>\n<p><span class=\"goog-text-highlight\"><img loading=\"lazy\" class=\"alignnone size-medium wp-image-1336\" src=\"https:\/\/premiumiptv.me\/wp-content\/uploads\/2021\/03\/252ee87a265e7db7abdb9de6a2c48f03-300x200.png\" alt=\"\" width=\"300\" height=\"200\"> <\/span><\/p>\n<p><strong><br \/>\n  <span class=\"\">Paso 5:<\/span><br \/>\n<\/strong><span class=\"\"> Una vez completados todos los pasos anteriores, pulse &#8221; <\/span><strong><br \/>\n  <span class=\"\">OK<\/span><br \/>\n<\/strong><span class=\"\"> &#8220;.<\/span><\/p>\n<p><strong>Paso 6:<\/strong> Puede hacer clic en &#8220;Reiniciar el portal&#8221; si el portal no se carga nunca.<\/p>\n","protected":false},"excerpt":{"rendered":"<p>Lo necesitas: 1. La direcci\u00f3n mac de su dispositivo . ( nos env\u00edas tu direcci\u00f3n mac ) 2. la url de nuestro portal de servidores (la recibir\u00e1 por correo) 5 pasos para instalar IPTV en tu dispositivo MAC: Primer paso Vaya a Configuraci\u00f3n Paso 2: Vaya al men\u00fa Configuraci\u00f3n, haga clic en Configuraci\u00f3n del sistema [&hellip;]<\/p>\n","protected":false},"author":1,"featured_media":0,"parent":0,"menu_order":0,"comment_status":"closed","ping_status":"closed","template":"","meta":[],"_links":{"self":[{"href":"https:\/\/premiumiptv.me\/22\/es\/wp-json\/wp\/v2\/pages\/4711"}],"collection":[{"href":"https:\/\/premiumiptv.me\/22\/es\/wp-json\/wp\/v2\/pages"}],"about":[{"href":"https:\/\/premiumiptv.me\/22\/es\/wp-json\/wp\/v2\/types\/page"}],"author":[{"embeddable":true,"href":"https:\/\/premiumiptv.me\/22\/es\/wp-json\/wp\/v2\/users\/1"}],"replies":[{"embeddable":true,"href":"https:\/\/premiumiptv.me\/22\/es\/wp-json\/wp\/v2\/comments?post=4711"}],"version-history":[{"count":0,"href":"https:\/\/premiumiptv.me\/22\/es\/wp-json\/wp\/v2\/pages\/4711\/revisions"}],"wp:attachment":[{"href":"https:\/\/premiumiptv.me\/22\/es\/wp-json\/wp\/v2\/media?parent=4711"}],"curies":[{"name":"wp","href":"https:\/\/api.w.org\/{rel}","templated":true}]}}