{"id":4706,"date":"2021-01-31T18:56:58","date_gmt":"2021-01-31T18:56:58","guid":{"rendered":"https:\/\/premiumiptv.me\/22\/como-instalar-iptv-en-formulate-z-mytvonline\/"},"modified":"2021-01-31T18:56:58","modified_gmt":"2021-01-31T18:56:58","slug":"como-instalar-iptv-en-formulate-z-mytvonline","status":"publish","type":"page","link":"https:\/\/premiumiptv.me\/22\/es\/como-instalar-iptv-en-formulate-z-mytvonline\/","title":{"rendered":"C\u00f3mo instalar iptv en Formulate Z mytvonline"},"content":{"rendered":"<h2 style=\"text-align: center;\">1:Abre la aplicaci\u00f3n mytvonline<\/h2>\n<h2 style=\"text-align: center;\">2: Marque la casilla es necesario iniciar sesi\u00f3n<\/h2>\n<h2 style=\"text-align: center;\"><strong>3: introduzca los c\u00f3digos xtream que ha recibido de nosotros (usuario &#8211; contrase\u00f1a &#8211; url ) en la casilla de apodo del portal puede poner cualquiera<\/strong><\/h2>\n<p><img loading=\"lazy\" class=\"aligncenter wp-image-1219 size-full\" src=\"https:\/\/premiumiptv.me\/wp-content\/uploads\/2021\/01\/FORMULER_00082106.jpg\" alt=\"\" width=\"1920\" height=\"1080\" srcset=\"https:\/\/premiumiptv.me\/wp-content\/uploads\/2021\/01\/FORMULER_00082106.jpg 1920w, https:\/\/premiumiptv.me\/wp-content\/uploads\/2021\/01\/FORMULER_00082106-1024x576.jpg 1024w, https:\/\/premiumiptv.me\/wp-content\/uploads\/2021\/01\/FORMULER_00082106-768x432.jpg 768w, https:\/\/premiumiptv.me\/wp-content\/uploads\/2021\/01\/FORMULER_00082106-1536x864.jpg 1536w, https:\/\/premiumiptv.me\/wp-content\/uploads\/2021\/01\/FORMULER_00082106-640x360.jpg 640w, https:\/\/premiumiptv.me\/wp-content\/uploads\/2021\/01\/FORMULER_00082106-400x225.jpg 400w, https:\/\/premiumiptv.me\/wp-content\/uploads\/2021\/01\/FORMULER_00082106-367x206.jpg 367w, https:\/\/premiumiptv.me\/wp-content\/uploads\/2021\/01\/FORMULER_00082106-600x338.jpg 600w\" sizes=\"(max-width: 1920px) 100vw, 1920px\" \/><\/p>\n","protected":false},"excerpt":{"rendered":"<p>1:Abre la aplicaci\u00f3n mytvonline 2: Marque la casilla es necesario iniciar sesi\u00f3n 3: introduzca los c\u00f3digos xtream que ha recibido de nosotros (usuario &#8211; contrase\u00f1a &#8211; url ) en la casilla de apodo del portal puede poner cualquiera<\/p>\n","protected":false},"author":1,"featured_media":0,"parent":0,"menu_order":0,"comment_status":"closed","ping_status":"closed","template":"","meta":[],"_links":{"self":[{"href":"https:\/\/premiumiptv.me\/22\/es\/wp-json\/wp\/v2\/pages\/4706"}],"collection":[{"href":"https:\/\/premiumiptv.me\/22\/es\/wp-json\/wp\/v2\/pages"}],"about":[{"href":"https:\/\/premiumiptv.me\/22\/es\/wp-json\/wp\/v2\/types\/page"}],"author":[{"embeddable":true,"href":"https:\/\/premiumiptv.me\/22\/es\/wp-json\/wp\/v2\/users\/1"}],"replies":[{"embeddable":true,"href":"https:\/\/premiumiptv.me\/22\/es\/wp-json\/wp\/v2\/comments?post=4706"}],"version-history":[{"count":0,"href":"https:\/\/premiumiptv.me\/22\/es\/wp-json\/wp\/v2\/pages\/4706\/revisions"}],"wp:attachment":[{"href":"https:\/\/premiumiptv.me\/22\/es\/wp-json\/wp\/v2\/media?parent=4706"}],"curies":[{"name":"wp","href":"https:\/\/api.w.org\/{rel}","templated":true}]}}