{"id":4686,"date":"2021-01-30T21:23:59","date_gmt":"2021-01-30T21:23:59","guid":{"rendered":"https:\/\/premiumiptv.me\/22\/instalacion-en-la-aplicacion-del-reproductor-xciptv\/"},"modified":"2021-01-30T21:23:59","modified_gmt":"2021-01-30T21:23:59","slug":"instalacion-en-la-aplicacion-del-reproductor-xciptv","status":"publish","type":"page","link":"https:\/\/premiumiptv.me\/22\/es\/instalacion-en-la-aplicacion-del-reproductor-xciptv\/","title":{"rendered":"Instalaci\u00f3n en la aplicaci\u00f3n del reproductor XCIPTV"},"content":{"rendered":"<h2 style=\"text-align: center;\"><strong>  Abra la aplicaci\u00f3n e introduzca los c\u00f3digos que ha recibido de nosotros (usuario &#8211; contrase\u00f1a &#8211; url )  <\/strong><\/h2>\n<p style=\"text-align: center;\"><img loading=\"lazy\" class=\"aligncenter wp-image-1213 size-full\" src=\"https:\/\/premiumiptv.me\/wp-content\/uploads\/2021\/01\/configurer-xciptv-01-1.jpg\" alt=\"\" width=\"800\" height=\"450\" srcset=\"https:\/\/premiumiptv.me\/wp-content\/uploads\/2021\/01\/configurer-xciptv-01-1.jpg 800w, https:\/\/premiumiptv.me\/wp-content\/uploads\/2021\/01\/configurer-xciptv-01-1-768x432.jpg 768w, https:\/\/premiumiptv.me\/wp-content\/uploads\/2021\/01\/configurer-xciptv-01-1-640x360.jpg 640w, https:\/\/premiumiptv.me\/wp-content\/uploads\/2021\/01\/configurer-xciptv-01-1-400x225.jpg 400w, https:\/\/premiumiptv.me\/wp-content\/uploads\/2021\/01\/configurer-xciptv-01-1-367x206.jpg 367w, https:\/\/premiumiptv.me\/wp-content\/uploads\/2021\/01\/configurer-xciptv-01-1-600x338.jpg 600w\" sizes=\"(max-width: 800px) 100vw, 800px\" \/><\/p>\n<p style=\"text-align: center;\">\n","protected":false},"excerpt":{"rendered":"<p>Abra la aplicaci\u00f3n e introduzca los c\u00f3digos que ha recibido de nosotros (usuario &#8211; contrase\u00f1a &#8211; url )<\/p>\n","protected":false},"author":1,"featured_media":0,"parent":0,"menu_order":0,"comment_status":"closed","ping_status":"closed","template":"","meta":[],"_links":{"self":[{"href":"https:\/\/premiumiptv.me\/22\/es\/wp-json\/wp\/v2\/pages\/4686"}],"collection":[{"href":"https:\/\/premiumiptv.me\/22\/es\/wp-json\/wp\/v2\/pages"}],"about":[{"href":"https:\/\/premiumiptv.me\/22\/es\/wp-json\/wp\/v2\/types\/page"}],"author":[{"embeddable":true,"href":"https:\/\/premiumiptv.me\/22\/es\/wp-json\/wp\/v2\/users\/1"}],"replies":[{"embeddable":true,"href":"https:\/\/premiumiptv.me\/22\/es\/wp-json\/wp\/v2\/comments?post=4686"}],"version-history":[{"count":0,"href":"https:\/\/premiumiptv.me\/22\/es\/wp-json\/wp\/v2\/pages\/4686\/revisions"}],"wp:attachment":[{"href":"https:\/\/premiumiptv.me\/22\/es\/wp-json\/wp\/v2\/media?parent=4686"}],"curies":[{"name":"wp","href":"https:\/\/api.w.org\/{rel}","templated":true}]}}