{"id":4684,"date":"2021-01-29T12:54:00","date_gmt":"2021-01-29T12:54:00","guid":{"rendered":"https:\/\/premiumiptv.me\/22\/instalacion-de-iptv-en-la-aplicacion-duplex-play-o-duplex-iptv\/"},"modified":"2021-01-29T12:54:00","modified_gmt":"2021-01-29T12:54:00","slug":"instalacion-de-iptv-en-la-aplicacion-duplex-play-o-duplex-iptv","status":"publish","type":"page","link":"https:\/\/premiumiptv.me\/22\/es\/instalacion-de-iptv-en-la-aplicacion-duplex-play-o-duplex-iptv\/","title":{"rendered":"Instalaci\u00f3n de IPTV en la aplicaci\u00f3n DUPLEX PLAY o DUPLEX IPTV"},"content":{"rendered":"<h2 style=\"text-align: center;\"><strong>1) Empiezas abriendo la aplicaci\u00f3n para obtener los identificadores de tu aplicaci\u00f3n (id de dispositivo y clave de dispositivo)<\/strong><\/h2>\n<h2 style=\"text-align: center;\"><img loading=\"lazy\" class=\"size-medium wp-image-1179 aligncenter\" src=\"https:\/\/premiumiptv.me\/wp-content\/uploads\/2021\/01\/20201129_112233-1-768x449-1-300x175.jpg\" alt=\"\" width=\"300\" height=\"175\"><\/h2>\n<h2 style=\"text-align: center;\"><strong>2) Para ello y tal y como te pide la aplicaci\u00f3n, tienes que ir a la web &gt;&gt; <a href=\"http:\/\/edit.duplexplay.com\" target=\"_blank\" rel=\"noopener\">Duplex Play<\/a> desde tu smartphone u ordenador.  <\/strong><\/h2>\n<h2 style=\"text-align: center;\"><img loading=\"lazy\" class=\"alignnone size-medium wp-image-1180\" src=\"https:\/\/premiumiptv.me\/wp-content\/uploads\/2021\/01\/Capture-de%CC%81cran-2020-11-29-a%CC%80-11.33.48-300x287.png\" alt=\"\" width=\"300\" height=\"287\"><\/h2>\n<h2 style=\"text-align: center;\"><strong>3) introduce las credenciales de tu dispositivo.  <\/strong><\/h2>\n<h2 style=\"text-align: center;\"><strong>Y haga clic en administrar dispositivo .<\/strong><\/h2>\n<h2 style=\"text-align: center;\"><img loading=\"lazy\" class=\"alignnone size-medium wp-image-1181\" src=\"https:\/\/premiumiptv.me\/wp-content\/uploads\/2021\/01\/Capture-de%CC%81cran-2020-11-29-a%CC%80-11.36.14-297x300.png\" alt=\"\" width=\"297\" height=\"300\"><\/h2>\n<h2 style=\"text-align: center;\"><strong>4) Haga clic en A\u00f1adir lista de reproducci\u00f3n  <\/strong><\/h2>\n<h2 style=\"text-align: center;\"><img loading=\"lazy\" class=\"alignnone size-medium wp-image-1182\" src=\"https:\/\/premiumiptv.me\/wp-content\/uploads\/2021\/01\/Capture-de%CC%81cran-2020-11-29-a%CC%80-11.46.07-768x295-1-300x115.png\" alt=\"\" width=\"300\" height=\"115\"><\/h2>\n<h2 style=\"text-align: center;\"><strong>5)<\/strong><\/h2>\n<h2 style=\"text-align: center;\"><img loading=\"lazy\" class=\"size-medium wp-image-1183 aligncenter\" src=\"https:\/\/premiumiptv.me\/wp-content\/uploads\/2021\/01\/20210129_134831-191x300.jpg\" alt=\"\" width=\"191\" height=\"300\"><\/h2>\n<h2 style=\"text-align: center;\">Dale un nombre a tu lista de reproducci\u00f3n.<\/h2>\n<h2 style=\"text-align: center;\">2. Introduzca aqu\u00ed el enlace m3u que ha recibido de nosotros<\/h2>\n<h2 style=\"text-align: center;\">3. Haga clic en Guardar<\/h2>\n<h2 style=\"text-align: center;\"><strong>6) Reinicia la aplicaci\u00f3n Duplex Play en tu dispositivo. Y encontrar\u00e1s tu suscripci\u00f3n con el nombre que le hayas puesto<\/strong>  .<\/h2>\n<h2 style=\"text-align: center;\"><\/h2>\n","protected":false},"excerpt":{"rendered":"<p>1) Empiezas abriendo la aplicaci\u00f3n para obtener los identificadores de tu aplicaci\u00f3n (id de dispositivo y clave de dispositivo) 2) Para ello y tal y como te pide la aplicaci\u00f3n, tienes que ir a la web &gt;&gt; Duplex Play desde tu smartphone u ordenador. 3) introduce las credenciales de tu dispositivo. Y haga clic en [&hellip;]<\/p>\n","protected":false},"author":1,"featured_media":0,"parent":0,"menu_order":0,"comment_status":"closed","ping_status":"closed","template":"","meta":[],"_links":{"self":[{"href":"https:\/\/premiumiptv.me\/22\/es\/wp-json\/wp\/v2\/pages\/4684"}],"collection":[{"href":"https:\/\/premiumiptv.me\/22\/es\/wp-json\/wp\/v2\/pages"}],"about":[{"href":"https:\/\/premiumiptv.me\/22\/es\/wp-json\/wp\/v2\/types\/page"}],"author":[{"embeddable":true,"href":"https:\/\/premiumiptv.me\/22\/es\/wp-json\/wp\/v2\/users\/1"}],"replies":[{"embeddable":true,"href":"https:\/\/premiumiptv.me\/22\/es\/wp-json\/wp\/v2\/comments?post=4684"}],"version-history":[{"count":0,"href":"https:\/\/premiumiptv.me\/22\/es\/wp-json\/wp\/v2\/pages\/4684\/revisions"}],"wp:attachment":[{"href":"https:\/\/premiumiptv.me\/22\/es\/wp-json\/wp\/v2\/media?parent=4684"}],"curies":[{"name":"wp","href":"https:\/\/api.w.org\/{rel}","templated":true}]}}