{"id":3814,"date":"2021-02-20T09:21:52","date_gmt":"2021-02-20T09:21:52","guid":{"rendered":"https:\/\/premiumiptv.me\/22\/products\/3-monats-abonnement\/"},"modified":"2021-02-20T09:21:52","modified_gmt":"2021-02-20T09:21:52","slug":"subscription-3-months-2","status":"publish","type":"product","link":"https:\/\/premiumiptv.me\/22\/de\/products\/subscription-3-months-2\/","title":{"rendered":"3-Monats-Abonnement"},"content":{"rendered":"<div id=\"shopify-section-1596990974821\" class=\"shopify-section index-section index-section--featured-product\">\n<div id=\"ProductSection-1596990974821\" class=\"page-width\" data-section-id=\"1596990974821\" data-section-type=\"product\" data-ajax-enabled=\"true\">\n<div class=\"grid product-single product-single--medium-media\">\n<div class=\"grid__item medium-up--one-half\">\n<div class=\"product-single__meta\">\n<div class=\"product-single__description rte\">\n<div id=\"shopify-section-1588264376496\" class=\"shopify-section index-section index-section--featured-product\">\n<div id=\"ProductSection-1588264376496\" class=\"page-width\" data-section-id=\"1588264376496\" data-section-type=\"product\" data-ajax-enabled=\"true\">\n<div class=\"grid product-single product-single--medium-media\">\n<div class=\"grid__item medium-up--one-half\">\n<div class=\"product-single__meta\">\n<div class=\"product-single__description rte\">\n<div>\n<div>\u2713 Kompatibel mit allen iptv-Anwendungen (smart iptv &#8211; duplex play- iptv smarters pro xciptv player- set iptv- net iptv &#8211; ss iptv &#8211; vlc &#8211; xtream iptv &#8211; gse iptv- ect &#8230;..)<\/div>\n<div>\u2713 nach der Zahlung erh\u00e4ltst du deinen m3u-Link und deine xtream-Codes.<\/div><\/div>\n<div>\u2713 Sie erhalten sofort \u00fcber 9700 regul\u00e4re und Premiumkan\u00e4le.<br \/>\n\u2713 Du bekommst \u00fcber 16.000 Filme und Fernsehshows (VOD).<br \/>\n\u2713 Keine teureren Kabelrechnungen.<br \/>\n\u2713 Unser IPTV-Service ist immer zu 99,99% der Zeit verf\u00fcgbar!<br \/>\n\u2713 Starker IPTV-Service, kein Buffering oder Freezing (stabiles Internet erforderlich).<br \/>\n\u2713 Sie erhalten eine 100%ige Zufriedenheitsgarantie.<br \/>\n\u2713 Du bekommst den besten Preis.<br \/>\n\u2713 Sie profitieren von einem 24\/7-Kundendienst.<\/div><\/div><\/div><\/div><\/div><\/div><\/div><\/div><\/div><\/div><\/div><\/div><\/div>\n","protected":false},"excerpt":{"rendered":"<div>\u2713 Kompatibel mit allen iptv-Anwendungen (smart iptv &#8211; duplex play- iptv smarters pro xciptv player- set iptv- net iptv &#8211; ss iptv &#8211; vlc &#8211; xtream iptv &#8211; gse iptv- ect&#8230; &#8230;)<\/div>\n<div>\n<div>\n<div>\u2713 nach der Zahlung erh\u00e4ltst du deinen m3u-Link und deine xtream-Codes.<\/div>\n<\/p><\/div>\n<div>\u2713 Sie erhalten sofort \u00fcber 9700 regul\u00e4re und Premiumkan\u00e4le.<br \/>\n\u2713 Du bekommst mehr als 22,000 Filme und Serien (VOD).<br \/>\n\u2713 Sie profitieren von einem 24\/7-Kundendienst.<\/div>\n<div>\n              <a href=\"https:\/\/casaelectroonline.net\/checkouts\/33554781\/?\"><br \/>\n                <img loading=\"lazy\" class=\"alignnone wp-image-1319 size-medium\" src=\"https:\/\/premiumiptv.me\/wp-content\/uploads\/2021\/01\/paiement-securise-paypal-300x75.png\" alt=\"\" width=\"300\" height=\"75\"><br \/>\n              <\/a>\n            <\/div>\n<\/p><\/div>\n","protected":false},"featured_media":0,"comment_status":"open","ping_status":"closed","template":"","meta":[],"_links":{"self":[{"href":"https:\/\/premiumiptv.me\/22\/de\/wp-json\/wp\/v2\/product\/3814"}],"collection":[{"href":"https:\/\/premiumiptv.me\/22\/de\/wp-json\/wp\/v2\/product"}],"about":[{"href":"https:\/\/premiumiptv.me\/22\/de\/wp-json\/wp\/v2\/types\/product"}],"replies":[{"embeddable":true,"href":"https:\/\/premiumiptv.me\/22\/de\/wp-json\/wp\/v2\/comments?post=3814"}],"version-history":[{"count":0,"href":"https:\/\/premiumiptv.me\/22\/de\/wp-json\/wp\/v2\/product\/3814\/revisions"}],"wp:attachment":[{"href":"https:\/\/premiumiptv.me\/22\/de\/wp-json\/wp\/v2\/media?parent=3814"}],"curies":[{"name":"wp","href":"https:\/\/api.w.org\/{rel}","templated":true}]}}