{"id":3744,"date":"2021-01-18T14:51:41","date_gmt":"2021-01-18T14:51:41","guid":{"rendered":"https:\/\/premiumiptv.me\/22\/products\/12-monats-abonnement\/"},"modified":"2026-04-29T23:09:44","modified_gmt":"2026-04-29T23:09:44","slug":"abonnement-12monate-2","status":"publish","type":"product","link":"https:\/\/premiumiptv.me\/22\/de\/products\/abonnement-12monate-2\/","title":{"rendered":"12-Monats-Abonnement"},"content":{"rendered":"\t\t<div data-elementor-type=\"product-post\" data-elementor-id=\"3744\" class=\"elementor elementor-3744 elementor-1021\" data-elementor-settings=\"[]\">\n\t\t\t\t\t\t<div class=\"elementor-inner\">\n\t\t\t\t\t\t\t<div class=\"elementor-section-wrap\">\n\t\t\t\t\t\t\t<section class=\"elementor-section elementor-top-section elementor-element elementor-element-31598350 elementor-section-boxed elementor-section-height-default elementor-section-height-default\" data-id=\"31598350\" data-element_type=\"section\">\r\n\t\t\t\r\n\t\t\t\t\t\t\t\t\t<div class=\"elementor-container elementor-column-gap-default\">\r\n\t\t\t\t\t\t\t\t<div class=\"elementor-row\">\r\n\t\t\t\t\t\t\t<div class=\"elementor-column elementor-col-100 elementor-top-column elementor-element elementor-element-515b3fa3\" data-id=\"515b3fa3\" data-element_type=\"column\">\n\t\t\t<div class=\"elementor-column-wrap elementor-element-populated\">\n\t\t\t\t\t\t\t<div class=\"elementor-widget-wrap\">\n\t\t\t\t\t\t<div class=\"elementor-element elementor-element-52175607 elementor-widget elementor-widget-text-editor\" data-id=\"52175607\" data-element_type=\"widget\" data-widget_type=\"text-editor.default\">\n\t\t\t\t<div class=\"elementor-widget-container\">\n\t\t\t\t\t<div class=\"elementor-text-editor elementor-clearfix\"><div id=\"shopify-section-1596990974821\" class=\"shopify-section index-section index-section--featured-product\"><div id=\"ProductSection-1596990974821\" class=\"page-width\" data-section-id=\"1596990974821\" data-section-type=\"product\" data-ajax-enabled=\"true\"><div class=\"grid product-single product-single--medium-media\"><div class=\"grid__item medium-up--one-half\"><div class=\"product-single__meta\"><div class=\"product-single__description rte\"><div id=\"shopify-section-1588264376496\" class=\"shopify-section index-section index-section--featured-product\"><div id=\"ProductSection-1588264376496\" class=\"page-width\" data-section-id=\"1588264376496\" data-section-type=\"product\" data-ajax-enabled=\"true\"><div class=\"grid product-single product-single--medium-media\"><div class=\"grid__item medium-up--one-half\"><div class=\"product-single__meta\"><div class=\"product-single__description rte\"><div><div>\u2713 Compatible avec toutes les applications iptv (Hot Iptv- smart iptv \u2013 set iptv- net iptv \u2013 ss iptv \u2013 Flix Iptv \u2013 Home Iptv- Ibo Player \u2013 Extreme iptv \u2013\u00a0 ect \u2026..)<\/div><div>\u2713 apr\u00e8s le paiement vous serez contacter par nos agents pour confirmer l\u2019installation de votre abonnement .<\/div><\/div><div>\u2713 Vous obtenez plus de 9700 cha\u00eenes ordinaires et premium instantan\u00e9ment.j<br \/>\u2713 Vous obtenez plus de 22000 films et s\u00e9ries (VOD).<br \/>\u2713 Vous b\u00e9n\u00e9ficiez d\u2019un service client 24\/7.<\/div><\/div><\/div><\/div><\/div><\/div><\/div><\/div><\/div><\/div><\/div><\/div><\/div><\/div>\n\t\t\t\t<\/div>\n\t\t\t\t<\/div>\n\t\t\t\t\t\t<\/div>\n\t\t\t\t\t<\/div>\n\t\t<\/div>\n\t\t\t\t\t\t<\/div>\r\n\t\t\t\t\t<\/div>\r\n\t\t\t\t<\/section>\r\n\t\t\t\t\t\t<\/div>\n\t\t\t\t\t\t<\/div>\n\t\t\t\t\t<\/div>\n\t\t","protected":false},"excerpt":{"rendered":"<div>\n<div>\u2713 Kompatibel mit allen iptv-Anwendungen ( smart iptv &#8211; duplex play- iptv smarters pro- xciptv player- set iptv- net iptv &#8211; ss iptv &#8211; vlc &#8211; xtream iptv &#8211; gse iptv- ect &#8230;..)<\/div>\n<div>\u2713 nach der Zahlung erhalten Sie Ihren m3u-Link und Ihre xtream-Codes.<\/div>\n<\/div>\n<div>\u2713 Sie erhalten \u00fcber 9700 gew\u00f6hnliche und Premiumkan\u00e4le sofort.<br \/>\n\u2713 Sie erhalten \u00fcber 22000 Filme und Serien (VOD).<br \/>\n\u2713 Sie profitieren von einem 24\/7-Kundenservice.<\/div>\n<div><a href=\"https:\/\/casaelectroonline.net\/checkouts\/63659855\/?\"><br \/>\n<img loading=\"lazy\" class=\"alignnone wp-image-1319 size-medium\" src=\"https:\/\/premiumiptv.me\/wp-content\/uploads\/2021\/01\/paiement-securise-paypal-300x75.png\" alt=\"\" width=\"300\" height=\"75\" \/><br \/>\n<\/a><\/div>\n","protected":false},"featured_media":2317,"comment_status":"open","ping_status":"closed","template":"","meta":[],"_links":{"self":[{"href":"https:\/\/premiumiptv.me\/22\/de\/wp-json\/wp\/v2\/product\/3744"}],"collection":[{"href":"https:\/\/premiumiptv.me\/22\/de\/wp-json\/wp\/v2\/product"}],"about":[{"href":"https:\/\/premiumiptv.me\/22\/de\/wp-json\/wp\/v2\/types\/product"}],"replies":[{"embeddable":true,"href":"https:\/\/premiumiptv.me\/22\/de\/wp-json\/wp\/v2\/comments?post=3744"}],"version-history":[{"count":1,"href":"https:\/\/premiumiptv.me\/22\/de\/wp-json\/wp\/v2\/product\/3744\/revisions"}],"predecessor-version":[{"id":7253,"href":"https:\/\/premiumiptv.me\/22\/de\/wp-json\/wp\/v2\/product\/3744\/revisions\/7253"}],"wp:featuredmedia":[{"embeddable":true,"href":"https:\/\/premiumiptv.me\/22\/de\/wp-json\/wp\/v2\/media\/2317"}],"wp:attachment":[{"href":"https:\/\/premiumiptv.me\/22\/de\/wp-json\/wp\/v2\/media?parent=3744"}],"curies":[{"name":"wp","href":"https:\/\/api.w.org\/{rel}","templated":true}]}}